

{"id":6952,"date":"2023-11-20T16:12:07","date_gmt":"2023-11-20T15:12:07","guid":{"rendered":"https:\/\/www.badminton-marktheidenfeld.de\/wordpress\/?page_id=6952"},"modified":"2025-10-01T13:55:45","modified_gmt":"2025-10-01T11:55:45","slug":"4-mannschaft","status":"publish","type":"page","link":"https:\/\/www.badminton-marktheidenfeld.de\/wordpress\/aktive\/4-mannschaft\/","title":{"rendered":"4. Mannschaft"},"content":{"rendered":"\n<figure class=\"wp-block-image size-large is-style-default\"><img decoding=\"async\" src=\"https:\/\/www.badminton-marktheidenfeld.de\/wordpress\/wp-content\/uploads\/2024\/10\/TVM4-scaled.jpg\" alt=\"\" class=\"wp-image-6977\"\/><\/figure>\n\n\n\n<figure class=\"wp-block-table\"><table class=\"has-fixed-layout\"><tbody><tr><td><b>Herren<\/b><\/td><td><b>Damen<\/b><\/td><\/tr><tr><td>Artur Flug (Kapit\u00e4n)<\/td><td>Vanessa Gerberich<\/td><\/tr><tr><td>Christian Jakob<\/td><td>Antje&nbsp;Trottmann<\/td><\/tr><tr><td>Frank Hartmann<\/td><td>Natalja Schnorr<\/td><\/tr><tr><td>Sebastian Gragert<\/td><td>Jana Gragert<\/td><\/tr><tr><td>Erich Freudenberger<\/td><td>Greta Freudenberger<\/td><\/tr><tr><td><\/td><td>Svenja Barthel<\/td><\/tr><\/tbody><\/table><\/figure>\n\n\n\n<h3 class=\"wp-block-heading\">&nbsp;Ergebnisse:<\/h3>\n\n\n\n<figure class=\"wp-block-table\"><table class=\"has-fixed-layout\"><tbody><tr><td><span style=\"text-decoration: underline;\">aktuelle Saison:<\/span><\/td><td><a href=\"https:\/\/badminton-bbv.de\/liga\/team\/163192\/H%2025\/26\" target=\"_blank\" rel=\"noreferrer noopener\">Staffel W\u00fcrzburg<\/a><\/td><\/tr><\/tbody><\/table><\/figure>\n\n\n\n<h3 class=\"wp-block-heading\">Infos:<\/h3>\n\n\n\n<p>Unsere 4. Mannschaft startet nun in ihre zweite Saison in der Hobbyliga Staffel W\u00fcrzburg. F\u00fcr das Team geht es prim\u00e4r um die Freude am Badmintonspielen und den Spa\u00df am Sport.<\/p>\n\n\n\n<p>Du hast auch Spa\u00df am Badminton oder m\u00f6chtest es einmal ausprobieren? Dann melde dich gern bei den <a href=\"https:\/\/www.badminton-marktheidenfeld.de\/wordpress\/training\/\">Trainern <\/a>oder komm einfach vorbei und spiel mit!<\/p>\n","protected":false},"excerpt":{"rendered":"Herren Damen Artur Flug (Kapit\u00e4n) Vanessa Gerberich Christian Jakob Antje&nbsp;Trottmann Frank Hartmann Natalja Schnorr Sebastian Gragert Jana Gragert Erich Freudenberger Greta Freudenberger Svenja \n<a class=\"moretag\" href=\"https:\/\/www.badminton-marktheidenfeld.de\/wordpress\/aktive\/4-mannschaft\/\"> [...]<\/a>","protected":false},"author":12,"featured_media":0,"parent":3403,"menu_order":0,"comment_status":"closed","ping_status":"closed","template":"","meta":{"footnotes":""},"class_list":["post-6952","page","type-page","status-publish","hentry"],"_links":{"self":[{"href":"https:\/\/www.badminton-marktheidenfeld.de\/wordpress\/wp-json\/wp\/v2\/pages\/6952","targetHints":{"allow":["GET"]}}],"collection":[{"href":"https:\/\/www.badminton-marktheidenfeld.de\/wordpress\/wp-json\/wp\/v2\/pages"}],"about":[{"href":"https:\/\/www.badminton-marktheidenfeld.de\/wordpress\/wp-json\/wp\/v2\/types\/page"}],"author":[{"embeddable":true,"href":"https:\/\/www.badminton-marktheidenfeld.de\/wordpress\/wp-json\/wp\/v2\/users\/12"}],"replies":[{"embeddable":true,"href":"https:\/\/www.badminton-marktheidenfeld.de\/wordpress\/wp-json\/wp\/v2\/comments?post=6952"}],"version-history":[{"count":17,"href":"https:\/\/www.badminton-marktheidenfeld.de\/wordpress\/wp-json\/wp\/v2\/pages\/6952\/revisions"}],"predecessor-version":[{"id":8103,"href":"https:\/\/www.badminton-marktheidenfeld.de\/wordpress\/wp-json\/wp\/v2\/pages\/6952\/revisions\/8103"}],"up":[{"embeddable":true,"href":"https:\/\/www.badminton-marktheidenfeld.de\/wordpress\/wp-json\/wp\/v2\/pages\/3403"}],"wp:attachment":[{"href":"https:\/\/www.badminton-marktheidenfeld.de\/wordpress\/wp-json\/wp\/v2\/media?parent=6952"}],"curies":[{"name":"wp","href":"https:\/\/api.w.org\/{rel}","templated":true}]}}