

{"id":3600,"date":"2017-09-15T12:35:51","date_gmt":"2017-09-15T10:35:51","guid":{"rendered":"http:\/\/www.badminton-marktheidenfeld.de\/wordpress\/?page_id=3600"},"modified":"2025-01-30T00:50:19","modified_gmt":"2025-01-29T23:50:19","slug":"talent-stuetzpunkt","status":"publish","type":"page","link":"https:\/\/www.badminton-marktheidenfeld.de\/wordpress\/nachwuchs\/talent-stuetzpunkt\/","title":{"rendered":"VICTOR BBV St\u00fctzpunkt Level 1"},"content":{"rendered":"<h2>TV Marktheidenfeld &#8211; Ein Talentst\u00fctzpunkten in Bayern!<\/h2>\n<p><strong>Hiermit unterstreicht der TV Marktheidenfeld seine attraktive und aktive Jugendarbeit.<\/strong><\/p>\n<p><img loading=\"lazy\" decoding=\"async\" class=\"wp-image-7034 size-medium alignright\" src=\"https:\/\/www.badminton-marktheidenfeld.de\/wordpress\/wp-content\/uploads\/2024\/01\/Level-1-Logo-300x169.png\" alt=\"\" width=\"300\" height=\"169\" srcset=\"https:\/\/www.badminton-marktheidenfeld.de\/wordpress\/wp-content\/uploads\/2024\/01\/Level-1-Logo-300x169.png 300w, https:\/\/www.badminton-marktheidenfeld.de\/wordpress\/wp-content\/uploads\/2024\/01\/Level-1-Logo-1024x576.png 1024w, https:\/\/www.badminton-marktheidenfeld.de\/wordpress\/wp-content\/uploads\/2024\/01\/Level-1-Logo-768x432.png 768w, https:\/\/www.badminton-marktheidenfeld.de\/wordpress\/wp-content\/uploads\/2024\/01\/Level-1-Logo-1536x864.png 1536w, https:\/\/www.badminton-marktheidenfeld.de\/wordpress\/wp-content\/uploads\/2024\/01\/Level-1-Logo-388x220.png 388w, https:\/\/www.badminton-marktheidenfeld.de\/wordpress\/wp-content\/uploads\/2024\/01\/Level-1-Logo.png 1920w\" sizes=\"auto, (max-width: 300px) 100vw, 300px\" \/>Mit dem Konzept der VICTOR St\u00fctzpunkte des Bayerischen Badminton-Verbandes e.V. (BBV) m\u00f6chte der BBV nun auch dezentral verst\u00e4rkt leistungsorientierte F\u00f6rderung steuern und etablieren. Dazu soll ein bayernweites hochwertiges St\u00fctzpunktsystem geschaffen werden, das von den hauptamtlichen Trainern des BBV gesteuert wird. Ziel ist es, eine Qualit\u00e4tssteigerung und einheitliche Ausbildung von Athleten zu schaffen, die auf festgelegten Standards beruht und den Austausch unter den BBV St\u00fctzpunkten f\u00f6rdern soll. Die\u00a0<a href=\"https:\/\/www.victor-international.com\"><strong>VICTOR International GmbH<\/strong><\/a>\u00a0ist seit 2017 exklusiver Namenssponsor der BBV St\u00fctzpunkte und unterst\u00fctzt jeden zertifizierten \u201eVICTOR BBV St\u00fctzpunkt\u201c mit einem umfangreichen Starter-Set.<\/p>\n<p><a href=\"https:\/\/badminton-bbv.de\/leistungssport\/victor-bbv-stuetzpunkte\/\" target=\"_blank\" rel=\"noopener\">https:\/\/www.badminton-bbv.de\/site\/leistungssport\/bbvstuetzpunkte\/<\/a><\/p>\n<p>Unter der Leitung von Heiko Piehl hat sich der TV Marktheidenfeld f\u00fcr dieses Konzept mit Erfolg beworben. So k\u00f6nnen talentierte Spielerinnen und Spieler der unterfr\u00e4nkischen Vereine jeden Mittwoch und Donnerstag in Marktheidenfeld ihr Heimtraining durch eine Trainingseinheit erweitern. Hierbei profitieren sie zum einen von den dort vorhandenen optimalen Trainingsbedingungen, zudem haben sie die M\u00f6glichkeit mit anderen Gleichaltrigen zu trainieren und zu spielen.<\/p>\n<p><a href=\"https:\/\/www.badminton-marktheidenfeld.de\/wordpress\/wp-content\/uploads\/2024\/01\/Ernennungsurkunde.pdf\" target=\"_blank\" rel=\"noopener\">Level 1 TV Marktheidenfeld<\/a><\/p>\n","protected":false},"excerpt":{"rendered":"TV Marktheidenfeld &#8211; Ein Talentst\u00fctzpunkten in Bayern! Hiermit unterstreicht der TV Marktheidenfeld seine attraktive und aktive Jugendarbeit. Mit dem Konzept der VICTOR St\u00fctzpunkte \n<a class=\"moretag\" href=\"https:\/\/www.badminton-marktheidenfeld.de\/wordpress\/nachwuchs\/talent-stuetzpunkt\/\"> [...]<\/a>","protected":false},"author":3,"featured_media":0,"parent":3413,"menu_order":0,"comment_status":"closed","ping_status":"closed","template":"","meta":{"footnotes":""},"class_list":["post-3600","page","type-page","status-publish","hentry"],"_links":{"self":[{"href":"https:\/\/www.badminton-marktheidenfeld.de\/wordpress\/wp-json\/wp\/v2\/pages\/3600","targetHints":{"allow":["GET"]}}],"collection":[{"href":"https:\/\/www.badminton-marktheidenfeld.de\/wordpress\/wp-json\/wp\/v2\/pages"}],"about":[{"href":"https:\/\/www.badminton-marktheidenfeld.de\/wordpress\/wp-json\/wp\/v2\/types\/page"}],"author":[{"embeddable":true,"href":"https:\/\/www.badminton-marktheidenfeld.de\/wordpress\/wp-json\/wp\/v2\/users\/3"}],"replies":[{"embeddable":true,"href":"https:\/\/www.badminton-marktheidenfeld.de\/wordpress\/wp-json\/wp\/v2\/comments?post=3600"}],"version-history":[{"count":15,"href":"https:\/\/www.badminton-marktheidenfeld.de\/wordpress\/wp-json\/wp\/v2\/pages\/3600\/revisions"}],"predecessor-version":[{"id":7651,"href":"https:\/\/www.badminton-marktheidenfeld.de\/wordpress\/wp-json\/wp\/v2\/pages\/3600\/revisions\/7651"}],"up":[{"embeddable":true,"href":"https:\/\/www.badminton-marktheidenfeld.de\/wordpress\/wp-json\/wp\/v2\/pages\/3413"}],"wp:attachment":[{"href":"https:\/\/www.badminton-marktheidenfeld.de\/wordpress\/wp-json\/wp\/v2\/media?parent=3600"}],"curies":[{"name":"wp","href":"https:\/\/api.w.org\/{rel}","templated":true}]}}