

{"id":3435,"date":"2017-09-14T22:15:25","date_gmt":"2017-09-14T20:15:25","guid":{"rendered":"http:\/\/www.badminton-marktheidenfeld.de\/wordpress\/?page_id=3435"},"modified":"2025-01-20T19:45:45","modified_gmt":"2025-01-20T18:45:45","slug":"abteilung","status":"publish","type":"page","link":"https:\/\/www.badminton-marktheidenfeld.de\/wordpress\/abteilung\/","title":{"rendered":"Abteilung"},"content":{"rendered":"<p>Die Badmintonabteilung des TV 1884 Marktheidenfeld geh\u00f6rt zu den erfolgreichsten Vereinen in Nordbayern in den letzten Jahren. Insgesamt drei Aktiven-Mannschaften nehmen aktuell am Spielbetrieb teil und vertreten den Verein von der Bezirksliga bis hoch in die 2. Bundesliga. Die Spieler im Sch\u00fcler- und Jugendbereich feiern sowohl als Mannschaft, als auch auf Einzelturnieren fortw\u00e4hrend Erfolge und tragen nachhaltig auch f\u00fcr den Erfolg der Aktiven-Mannschaften bei.<\/p>\n<p>Bei uns wird Training f\u00fcr alle Alters- und Leistungsklassen geboten. Du hast auch Lust bei uns mitzuspielen oder einfach zu trainieren? Dann schau doch einfach zu unseren <a href=\"..\/..\/wordpress\/abteilung\/training\/\">Trainingszeiten<\/a> vorbei.<\/p>\n<p>Wir freuen uns auf euch!<\/p>\n<p><img loading=\"lazy\" decoding=\"async\" class=\" wp-image-5860 aligncenter\" src=\"https:\/\/www.badminton-marktheidenfeld.de\/wordpress\/wp-content\/uploads\/2020\/09\/TVM20_Mannschaft-14-300x200.jpg\" alt=\"\" width=\"707\" height=\"472\" srcset=\"https:\/\/www.badminton-marktheidenfeld.de\/wordpress\/wp-content\/uploads\/2020\/09\/TVM20_Mannschaft-14-300x200.jpg 300w, https:\/\/www.badminton-marktheidenfeld.de\/wordpress\/wp-content\/uploads\/2020\/09\/TVM20_Mannschaft-14-1024x683.jpg 1024w, https:\/\/www.badminton-marktheidenfeld.de\/wordpress\/wp-content\/uploads\/2020\/09\/TVM20_Mannschaft-14-768x512.jpg 768w, https:\/\/www.badminton-marktheidenfeld.de\/wordpress\/wp-content\/uploads\/2020\/09\/TVM20_Mannschaft-14-1536x1024.jpg 1536w, https:\/\/www.badminton-marktheidenfeld.de\/wordpress\/wp-content\/uploads\/2020\/09\/TVM20_Mannschaft-14-2048x1365.jpg 2048w\" sizes=\"auto, (max-width: 707px) 100vw, 707px\" \/><\/p>\n","protected":false},"excerpt":{"rendered":"Die Badmintonabteilung des TV 1884 Marktheidenfeld geh\u00f6rt zu den erfolgreichsten Vereinen in Nordbayern in den letzten Jahren. Insgesamt drei Aktiven-Mannschaften nehmen aktuell am \n<a class=\"moretag\" href=\"https:\/\/www.badminton-marktheidenfeld.de\/wordpress\/abteilung\/\"> [...]<\/a>","protected":false},"author":8,"featured_media":0,"parent":0,"menu_order":0,"comment_status":"closed","ping_status":"closed","template":"","meta":{"footnotes":""},"class_list":["post-3435","page","type-page","status-publish","hentry"],"_links":{"self":[{"href":"https:\/\/www.badminton-marktheidenfeld.de\/wordpress\/wp-json\/wp\/v2\/pages\/3435","targetHints":{"allow":["GET"]}}],"collection":[{"href":"https:\/\/www.badminton-marktheidenfeld.de\/wordpress\/wp-json\/wp\/v2\/pages"}],"about":[{"href":"https:\/\/www.badminton-marktheidenfeld.de\/wordpress\/wp-json\/wp\/v2\/types\/page"}],"author":[{"embeddable":true,"href":"https:\/\/www.badminton-marktheidenfeld.de\/wordpress\/wp-json\/wp\/v2\/users\/8"}],"replies":[{"embeddable":true,"href":"https:\/\/www.badminton-marktheidenfeld.de\/wordpress\/wp-json\/wp\/v2\/comments?post=3435"}],"version-history":[{"count":8,"href":"https:\/\/www.badminton-marktheidenfeld.de\/wordpress\/wp-json\/wp\/v2\/pages\/3435\/revisions"}],"predecessor-version":[{"id":7622,"href":"https:\/\/www.badminton-marktheidenfeld.de\/wordpress\/wp-json\/wp\/v2\/pages\/3435\/revisions\/7622"}],"wp:attachment":[{"href":"https:\/\/www.badminton-marktheidenfeld.de\/wordpress\/wp-json\/wp\/v2\/media?parent=3435"}],"curies":[{"name":"wp","href":"https:\/\/api.w.org\/{rel}","templated":true}]}}