

{"id":3433,"date":"2017-09-14T22:14:22","date_gmt":"2017-09-14T20:14:22","guid":{"rendered":"http:\/\/www.badminton-marktheidenfeld.de\/wordpress\/?page_id=3433"},"modified":"2025-09-01T20:25:03","modified_gmt":"2025-09-01T18:25:03","slug":"sponsoren","status":"publish","type":"page","link":"https:\/\/www.badminton-marktheidenfeld.de\/wordpress\/sponsoren\/","title":{"rendered":"Sponsoren"},"content":{"rendered":"\n<h3 class=\"wp-block-heading\"><strong>PREMIUM SPONSOREN SAISON 2025\/2026<\/strong><\/h3>\n\n\n\n<figure class=\"wp-block-gallery has-nested-images columns-2 is-cropped wp-block-gallery-1 is-layout-flex wp-block-gallery-is-layout-flex\">\n<figure class=\"wp-block-image size-large\"><img loading=\"lazy\" decoding=\"async\" width=\"893\" height=\"316\" data-id=\"7999\" src=\"https:\/\/www.badminton-marktheidenfeld.de\/wordpress\/wp-content\/uploads\/2025\/08\/Sponsor-Allianz-MV-1.png\" alt=\"\" class=\"wp-image-7999\" srcset=\"https:\/\/www.badminton-marktheidenfeld.de\/wordpress\/wp-content\/uploads\/2025\/08\/Sponsor-Allianz-MV-1.png 893w, https:\/\/www.badminton-marktheidenfeld.de\/wordpress\/wp-content\/uploads\/2025\/08\/Sponsor-Allianz-MV-1-300x106.png 300w, https:\/\/www.badminton-marktheidenfeld.de\/wordpress\/wp-content\/uploads\/2025\/08\/Sponsor-Allianz-MV-1-768x272.png 768w\" sizes=\"auto, (max-width: 893px) 100vw, 893px\" \/><\/figure>\n\n\n\n<figure class=\"wp-block-image size-large\"><img loading=\"lazy\" decoding=\"async\" width=\"640\" height=\"211\" data-id=\"7350\" src=\"https:\/\/www.badminton-marktheidenfeld.de\/wordpress\/wp-content\/uploads\/2024\/10\/Sponsor-Sparkasse-640.png\" alt=\"\" class=\"wp-image-7350\" srcset=\"https:\/\/www.badminton-marktheidenfeld.de\/wordpress\/wp-content\/uploads\/2024\/10\/Sponsor-Sparkasse-640.png 640w, https:\/\/www.badminton-marktheidenfeld.de\/wordpress\/wp-content\/uploads\/2024\/10\/Sponsor-Sparkasse-640-300x99.png 300w\" sizes=\"auto, (max-width: 640px) 100vw, 640px\" \/><\/figure>\n\n\n\n<figure class=\"wp-block-image size-large\"><img loading=\"lazy\" decoding=\"async\" width=\"640\" height=\"263\" data-id=\"8015\" src=\"https:\/\/www.badminton-marktheidenfeld.de\/wordpress\/wp-content\/uploads\/2025\/08\/Sponsor-Kuhn-640.png\" alt=\"\" class=\"wp-image-8015\" srcset=\"https:\/\/www.badminton-marktheidenfeld.de\/wordpress\/wp-content\/uploads\/2025\/08\/Sponsor-Kuhn-640.png 640w, https:\/\/www.badminton-marktheidenfeld.de\/wordpress\/wp-content\/uploads\/2025\/08\/Sponsor-Kuhn-640-300x123.png 300w\" sizes=\"auto, (max-width: 640px) 100vw, 640px\" \/><\/figure>\n\n\n\n<figure class=\"wp-block-image size-large\"><img loading=\"lazy\" decoding=\"async\" width=\"800\" height=\"325\" data-id=\"8016\" src=\"https:\/\/www.badminton-marktheidenfeld.de\/wordpress\/wp-content\/uploads\/2025\/08\/Sponsor-B2-Trendgalerie.png\" alt=\"\" class=\"wp-image-8016\" srcset=\"https:\/\/www.badminton-marktheidenfeld.de\/wordpress\/wp-content\/uploads\/2025\/08\/Sponsor-B2-Trendgalerie.png 800w, https:\/\/www.badminton-marktheidenfeld.de\/wordpress\/wp-content\/uploads\/2025\/08\/Sponsor-B2-Trendgalerie-300x122.png 300w, https:\/\/www.badminton-marktheidenfeld.de\/wordpress\/wp-content\/uploads\/2025\/08\/Sponsor-B2-Trendgalerie-768x312.png 768w\" sizes=\"auto, (max-width: 800px) 100vw, 800px\" \/><\/figure>\n\n\n\n<figure class=\"wp-block-image size-large\"><img loading=\"lazy\" decoding=\"async\" width=\"640\" height=\"356\" data-id=\"8017\" src=\"https:\/\/www.badminton-marktheidenfeld.de\/wordpress\/wp-content\/uploads\/2025\/08\/Sponsor-Paidi-640.png\" alt=\"\" class=\"wp-image-8017\" srcset=\"https:\/\/www.badminton-marktheidenfeld.de\/wordpress\/wp-content\/uploads\/2025\/08\/Sponsor-Paidi-640.png 640w, https:\/\/www.badminton-marktheidenfeld.de\/wordpress\/wp-content\/uploads\/2025\/08\/Sponsor-Paidi-640-300x167.png 300w\" sizes=\"auto, (max-width: 640px) 100vw, 640px\" \/><\/figure>\n\n\n\n<figure class=\"wp-block-image size-large\"><img loading=\"lazy\" decoding=\"async\" width=\"320\" height=\"160\" data-id=\"6602\" src=\"https:\/\/www.badminton-marktheidenfeld.de\/wordpress\/wp-content\/uploads\/2022\/10\/Multa-medio2.png\" alt=\"\" class=\"wp-image-6602\" srcset=\"https:\/\/www.badminton-marktheidenfeld.de\/wordpress\/wp-content\/uploads\/2022\/10\/Multa-medio2.png 320w, https:\/\/www.badminton-marktheidenfeld.de\/wordpress\/wp-content\/uploads\/2022\/10\/Multa-medio2-300x150.png 300w\" sizes=\"auto, (max-width: 320px) 100vw, 320px\" \/><\/figure>\n<\/figure>\n\n\n\n<h3 class=\"wp-block-heading\"><strong>AUSR\u00dcSTER<\/strong><\/h3>\n\n\n\n<figure class=\"wp-block-image size-full\"><img loading=\"lazy\" decoding=\"async\" width=\"827\" height=\"213\" src=\"https:\/\/www.badminton-marktheidenfeld.de\/wordpress\/wp-content\/uploads\/2024\/10\/Sponsor-Oliver.jpg\" alt=\"\" class=\"wp-image-7379\" srcset=\"https:\/\/www.badminton-marktheidenfeld.de\/wordpress\/wp-content\/uploads\/2024\/10\/Sponsor-Oliver.jpg 827w, https:\/\/www.badminton-marktheidenfeld.de\/wordpress\/wp-content\/uploads\/2024\/10\/Sponsor-Oliver-300x77.jpg 300w, https:\/\/www.badminton-marktheidenfeld.de\/wordpress\/wp-content\/uploads\/2024\/10\/Sponsor-Oliver-768x198.jpg 768w\" sizes=\"auto, (max-width: 827px) 100vw, 827px\" \/><\/figure>\n\n\n\n<h3 class=\"wp-block-heading\">WEITERE SPONSOREN<\/h3>\n\n\n\n<figure class=\"wp-block-gallery has-nested-images columns-2 wp-block-gallery-2 is-layout-flex wp-block-gallery-is-layout-flex\">\n<figure class=\"wp-block-image size-large\"><img loading=\"lazy\" decoding=\"async\" width=\"480\" height=\"185\" data-id=\"7410\" src=\"https:\/\/www.badminton-marktheidenfeld.de\/wordpress\/wp-content\/uploads\/2024\/10\/Weingut-Blank-480.png\" alt=\"\" class=\"wp-image-7410\" srcset=\"https:\/\/www.badminton-marktheidenfeld.de\/wordpress\/wp-content\/uploads\/2024\/10\/Weingut-Blank-480.png 480w, https:\/\/www.badminton-marktheidenfeld.de\/wordpress\/wp-content\/uploads\/2024\/10\/Weingut-Blank-480-300x116.png 300w\" sizes=\"auto, (max-width: 480px) 100vw, 480px\" \/><\/figure>\n\n\n\n<figure class=\"wp-block-image size-large\"><img loading=\"lazy\" decoding=\"async\" width=\"480\" height=\"203\" data-id=\"7409\" src=\"https:\/\/www.badminton-marktheidenfeld.de\/wordpress\/wp-content\/uploads\/2024\/10\/Schuhhaus-Leininger-480.png\" alt=\"\" class=\"wp-image-7409\" srcset=\"https:\/\/www.badminton-marktheidenfeld.de\/wordpress\/wp-content\/uploads\/2024\/10\/Schuhhaus-Leininger-480.png 480w, https:\/\/www.badminton-marktheidenfeld.de\/wordpress\/wp-content\/uploads\/2024\/10\/Schuhhaus-Leininger-480-300x127.png 300w\" sizes=\"auto, (max-width: 480px) 100vw, 480px\" \/><\/figure>\n\n\n\n<figure class=\"wp-block-image size-large\"><img loading=\"lazy\" decoding=\"async\" width=\"480\" height=\"115\" data-id=\"7408\" src=\"https:\/\/www.badminton-marktheidenfeld.de\/wordpress\/wp-content\/uploads\/2024\/10\/Raiba-MSP-480.png\" alt=\"\" class=\"wp-image-7408\" srcset=\"https:\/\/www.badminton-marktheidenfeld.de\/wordpress\/wp-content\/uploads\/2024\/10\/Raiba-MSP-480.png 480w, https:\/\/www.badminton-marktheidenfeld.de\/wordpress\/wp-content\/uploads\/2024\/10\/Raiba-MSP-480-300x72.png 300w\" sizes=\"auto, (max-width: 480px) 100vw, 480px\" \/><\/figure>\n\n\n\n<figure class=\"wp-block-image size-large\"><img loading=\"lazy\" decoding=\"async\" width=\"480\" height=\"111\" data-id=\"7406\" src=\"https:\/\/www.badminton-marktheidenfeld.de\/wordpress\/wp-content\/uploads\/2024\/10\/Martinsbraeu-480.png\" alt=\"\" class=\"wp-image-7406\" srcset=\"https:\/\/www.badminton-marktheidenfeld.de\/wordpress\/wp-content\/uploads\/2024\/10\/Martinsbraeu-480.png 480w, https:\/\/www.badminton-marktheidenfeld.de\/wordpress\/wp-content\/uploads\/2024\/10\/Martinsbraeu-480-300x69.png 300w\" sizes=\"auto, (max-width: 480px) 100vw, 480px\" \/><\/figure>\n\n\n\n<figure class=\"wp-block-image size-large\"><img loading=\"lazy\" decoding=\"async\" width=\"480\" height=\"183\" data-id=\"7397\" src=\"https:\/\/www.badminton-marktheidenfeld.de\/wordpress\/wp-content\/uploads\/2024\/10\/Anzeigenblatt-480.png\" alt=\"\" class=\"wp-image-7397\" srcset=\"https:\/\/www.badminton-marktheidenfeld.de\/wordpress\/wp-content\/uploads\/2024\/10\/Anzeigenblatt-480.png 480w, https:\/\/www.badminton-marktheidenfeld.de\/wordpress\/wp-content\/uploads\/2024\/10\/Anzeigenblatt-480-300x114.png 300w\" sizes=\"auto, (max-width: 480px) 100vw, 480px\" \/><\/figure>\n\n\n\n<figure class=\"wp-block-image size-large\"><img loading=\"lazy\" decoding=\"async\" width=\"480\" height=\"153\" data-id=\"7404\" src=\"https:\/\/www.badminton-marktheidenfeld.de\/wordpress\/wp-content\/uploads\/2024\/10\/Laurentius-Apo-480.png\" alt=\"\" class=\"wp-image-7404\" srcset=\"https:\/\/www.badminton-marktheidenfeld.de\/wordpress\/wp-content\/uploads\/2024\/10\/Laurentius-Apo-480.png 480w, https:\/\/www.badminton-marktheidenfeld.de\/wordpress\/wp-content\/uploads\/2024\/10\/Laurentius-Apo-480-300x96.png 300w\" sizes=\"auto, (max-width: 480px) 100vw, 480px\" \/><\/figure>\n\n\n\n<figure class=\"wp-block-image size-large\"><img loading=\"lazy\" decoding=\"async\" width=\"480\" height=\"165\" data-id=\"7403\" src=\"https:\/\/www.badminton-marktheidenfeld.de\/wordpress\/wp-content\/uploads\/2024\/10\/Kanzlei-Gregor-480.png\" alt=\"\" class=\"wp-image-7403\" srcset=\"https:\/\/www.badminton-marktheidenfeld.de\/wordpress\/wp-content\/uploads\/2024\/10\/Kanzlei-Gregor-480.png 480w, https:\/\/www.badminton-marktheidenfeld.de\/wordpress\/wp-content\/uploads\/2024\/10\/Kanzlei-Gregor-480-300x103.png 300w\" sizes=\"auto, (max-width: 480px) 100vw, 480px\" \/><\/figure>\n\n\n\n<figure class=\"wp-block-image size-large\"><img loading=\"lazy\" decoding=\"async\" width=\"480\" height=\"154\" data-id=\"7402\" src=\"https:\/\/www.badminton-marktheidenfeld.de\/wordpress\/wp-content\/uploads\/2024\/10\/Hubertus-Apo-480.png\" alt=\"\" class=\"wp-image-7402\" srcset=\"https:\/\/www.badminton-marktheidenfeld.de\/wordpress\/wp-content\/uploads\/2024\/10\/Hubertus-Apo-480.png 480w, https:\/\/www.badminton-marktheidenfeld.de\/wordpress\/wp-content\/uploads\/2024\/10\/Hubertus-Apo-480-300x96.png 300w\" sizes=\"auto, (max-width: 480px) 100vw, 480px\" \/><\/figure>\n\n\n\n<figure class=\"wp-block-image size-large\"><img loading=\"lazy\" decoding=\"async\" width=\"480\" height=\"159\" data-id=\"7400\" src=\"https:\/\/www.badminton-marktheidenfeld.de\/wordpress\/wp-content\/uploads\/2024\/10\/Easy-Apotheke-480.png\" alt=\"\" class=\"wp-image-7400\" srcset=\"https:\/\/www.badminton-marktheidenfeld.de\/wordpress\/wp-content\/uploads\/2024\/10\/Easy-Apotheke-480.png 480w, https:\/\/www.badminton-marktheidenfeld.de\/wordpress\/wp-content\/uploads\/2024\/10\/Easy-Apotheke-480-300x99.png 300w\" sizes=\"auto, (max-width: 480px) 100vw, 480px\" \/><\/figure>\n\n\n\n<figure class=\"wp-block-image size-large\"><img loading=\"lazy\" decoding=\"async\" width=\"480\" height=\"200\" data-id=\"7424\" src=\"https:\/\/www.badminton-marktheidenfeld.de\/wordpress\/wp-content\/uploads\/2024\/10\/Bernstein-480.png\" alt=\"\" class=\"wp-image-7424\" srcset=\"https:\/\/www.badminton-marktheidenfeld.de\/wordpress\/wp-content\/uploads\/2024\/10\/Bernstein-480.png 480w, https:\/\/www.badminton-marktheidenfeld.de\/wordpress\/wp-content\/uploads\/2024\/10\/Bernstein-480-300x125.png 300w\" sizes=\"auto, (max-width: 480px) 100vw, 480px\" \/><\/figure>\n\n\n\n<figure class=\"wp-block-image size-large\"><img loading=\"lazy\" decoding=\"async\" width=\"480\" height=\"216\" data-id=\"7398\" src=\"https:\/\/www.badminton-marktheidenfeld.de\/wordpress\/wp-content\/uploads\/2024\/10\/Autohaus-Willer-480.png\" alt=\"\" class=\"wp-image-7398\" srcset=\"https:\/\/www.badminton-marktheidenfeld.de\/wordpress\/wp-content\/uploads\/2024\/10\/Autohaus-Willer-480.png 480w, https:\/\/www.badminton-marktheidenfeld.de\/wordpress\/wp-content\/uploads\/2024\/10\/Autohaus-Willer-480-300x135.png 300w\" sizes=\"auto, (max-width: 480px) 100vw, 480px\" \/><\/figure>\n\n\n\n<figure class=\"wp-block-image size-large\"><img loading=\"lazy\" decoding=\"async\" width=\"480\" height=\"271\" data-id=\"7399\" src=\"https:\/\/www.badminton-marktheidenfeld.de\/wordpress\/wp-content\/uploads\/2024\/10\/Baeckerei-Roesner-480.png\" alt=\"\" class=\"wp-image-7399\" srcset=\"https:\/\/www.badminton-marktheidenfeld.de\/wordpress\/wp-content\/uploads\/2024\/10\/Baeckerei-Roesner-480.png 480w, https:\/\/www.badminton-marktheidenfeld.de\/wordpress\/wp-content\/uploads\/2024\/10\/Baeckerei-Roesner-480-300x169.png 300w, https:\/\/www.badminton-marktheidenfeld.de\/wordpress\/wp-content\/uploads\/2024\/10\/Baeckerei-Roesner-480-388x220.png 388w\" sizes=\"auto, (max-width: 480px) 100vw, 480px\" \/><\/figure>\n\n\n\n<figure class=\"wp-block-image size-large\"><img loading=\"lazy\" decoding=\"async\" width=\"480\" height=\"272\" data-id=\"7407\" src=\"https:\/\/www.badminton-marktheidenfeld.de\/wordpress\/wp-content\/uploads\/2024\/10\/Pflanze-und-Garten-480.png\" alt=\"\" class=\"wp-image-7407\" srcset=\"https:\/\/www.badminton-marktheidenfeld.de\/wordpress\/wp-content\/uploads\/2024\/10\/Pflanze-und-Garten-480.png 480w, https:\/\/www.badminton-marktheidenfeld.de\/wordpress\/wp-content\/uploads\/2024\/10\/Pflanze-und-Garten-480-300x170.png 300w, https:\/\/www.badminton-marktheidenfeld.de\/wordpress\/wp-content\/uploads\/2024\/10\/Pflanze-und-Garten-480-388x220.png 388w\" sizes=\"auto, (max-width: 480px) 100vw, 480px\" \/><\/figure>\n\n\n\n<figure class=\"wp-block-image size-large\"><img loading=\"lazy\" decoding=\"async\" width=\"345\" height=\"163\" data-id=\"7423\" src=\"https:\/\/www.badminton-marktheidenfeld.de\/wordpress\/wp-content\/uploads\/2024\/10\/Lithon.png\" alt=\"\" class=\"wp-image-7423\" srcset=\"https:\/\/www.badminton-marktheidenfeld.de\/wordpress\/wp-content\/uploads\/2024\/10\/Lithon.png 345w, https:\/\/www.badminton-marktheidenfeld.de\/wordpress\/wp-content\/uploads\/2024\/10\/Lithon-300x142.png 300w\" sizes=\"auto, (max-width: 345px) 100vw, 345px\" \/><\/figure>\n\n\n\n<figure class=\"wp-block-image size-medium\"><img loading=\"lazy\" decoding=\"async\" width=\"202\" height=\"300\" data-id=\"7401\" src=\"https:\/\/www.badminton-marktheidenfeld.de\/wordpress\/wp-content\/uploads\/2024\/10\/Ferstl-Bau-202x300.jpg\" alt=\"\" class=\"wp-image-7401\" srcset=\"https:\/\/www.badminton-marktheidenfeld.de\/wordpress\/wp-content\/uploads\/2024\/10\/Ferstl-Bau-202x300.jpg 202w, https:\/\/www.badminton-marktheidenfeld.de\/wordpress\/wp-content\/uploads\/2024\/10\/Ferstl-Bau.jpg 247w\" sizes=\"auto, (max-width: 202px) 100vw, 202px\" \/><\/figure>\n\n\n\n<figure class=\"wp-block-image size-full\"><img loading=\"lazy\" decoding=\"async\" width=\"458\" height=\"90\" data-id=\"8039\" src=\"https:\/\/www.badminton-marktheidenfeld.de\/wordpress\/wp-content\/uploads\/2025\/08\/Alldach-GmbH-Logo.png\" alt=\"\" class=\"wp-image-8039\" srcset=\"https:\/\/www.badminton-marktheidenfeld.de\/wordpress\/wp-content\/uploads\/2025\/08\/Alldach-GmbH-Logo.png 458w, https:\/\/www.badminton-marktheidenfeld.de\/wordpress\/wp-content\/uploads\/2025\/08\/Alldach-GmbH-Logo-300x59.png 300w\" sizes=\"auto, (max-width: 458px) 100vw, 458px\" \/><\/figure>\n<\/figure>\n\n\n\n<p class=\"has-text-align-center has-text-align-center\">Sie m\u00f6chten ebenfalls die Mannschaften und den Nachwuchs des TVM unterst\u00fctzen? Melden Sie sich gerne bei unseren <a href=\"https:\/\/www.badminton-marktheidenfeld.de\/wordpress\/impressum\/\" target=\"_blank\" rel=\"noopener noreferrer\">Vorsitzenden<\/a> um weitere Informationen zu erhalten.<\/p>\n","protected":false},"excerpt":{"rendered":"PREMIUM SPONSOREN SAISON 2025\/2026 AUSR\u00dcSTER WEITERE SPONSOREN Sie m\u00f6chten ebenfalls die Mannschaften und den Nachwuchs des TVM unterst\u00fctzen? Melden Sie sich gerne bei \n<a class=\"moretag\" href=\"https:\/\/www.badminton-marktheidenfeld.de\/wordpress\/sponsoren\/\"> [...]<\/a>","protected":false},"author":8,"featured_media":0,"parent":0,"menu_order":0,"comment_status":"closed","ping_status":"closed","template":"","meta":{"footnotes":""},"class_list":["post-3433","page","type-page","status-publish","hentry"],"_links":{"self":[{"href":"https:\/\/www.badminton-marktheidenfeld.de\/wordpress\/wp-json\/wp\/v2\/pages\/3433","targetHints":{"allow":["GET"]}}],"collection":[{"href":"https:\/\/www.badminton-marktheidenfeld.de\/wordpress\/wp-json\/wp\/v2\/pages"}],"about":[{"href":"https:\/\/www.badminton-marktheidenfeld.de\/wordpress\/wp-json\/wp\/v2\/types\/page"}],"author":[{"embeddable":true,"href":"https:\/\/www.badminton-marktheidenfeld.de\/wordpress\/wp-json\/wp\/v2\/users\/8"}],"replies":[{"embeddable":true,"href":"https:\/\/www.badminton-marktheidenfeld.de\/wordpress\/wp-json\/wp\/v2\/comments?post=3433"}],"version-history":[{"count":89,"href":"https:\/\/www.badminton-marktheidenfeld.de\/wordpress\/wp-json\/wp\/v2\/pages\/3433\/revisions"}],"predecessor-version":[{"id":8051,"href":"https:\/\/www.badminton-marktheidenfeld.de\/wordpress\/wp-json\/wp\/v2\/pages\/3433\/revisions\/8051"}],"wp:attachment":[{"href":"https:\/\/www.badminton-marktheidenfeld.de\/wordpress\/wp-json\/wp\/v2\/media?parent=3433"}],"curies":[{"name":"wp","href":"https:\/\/api.w.org\/{rel}","templated":true}]}}