

{"id":3421,"date":"2017-09-14T22:09:58","date_gmt":"2017-09-14T20:09:58","guid":{"rendered":"http:\/\/www.badminton-marktheidenfeld.de\/wordpress\/?page_id=3421"},"modified":"2026-04-23T13:09:33","modified_gmt":"2026-04-23T11:09:33","slug":"training","status":"publish","type":"page","link":"https:\/\/www.badminton-marktheidenfeld.de\/wordpress\/training\/","title":{"rendered":"Training"},"content":{"rendered":"\n<p>Hier sind unsere Trainingszeiten zu finden. Beim TVM k\u00f6nnen wir vor allem Sch\u00fcler und Jugendlichen ein breites Trainingsspektrum bieten. Aber auch im Erwachsenenbereich haben wir Trainingsm\u00f6glichkeiten f\u00fcr Bundesligasspieler bis hin zum Hobbyspieler. Meldet euch einfach bei Interesse bei den entsprechenden Trainern.<\/p>\n\n\n\n<h3 class=\"wp-block-heading\">Jugend &amp; Erwachsene<\/h3>\n\n\n\n<div class=\"tablescroll\">\n<table class=\".footable toggle-square-filled\" border=\"0\" width=\"100%\" cellspacing=\"3\" cellpadding=\"3\">\n<thead>\n<tr>\n<th valign=\"top\" width=\"15%\">&nbsp;<\/th>\n<th valign=\"top\" width=\"15%\" data-toggle=\"true\"><strong>Zeit, Felder<\/strong><\/th>\n<th valign=\"top\" width=\"45%\" data-hide=\"tablet,phone\"><strong>Trainingsgruppe<\/strong><\/th>\n<th valign=\"top\" width=\"20%\" data-hide=\"tablet,phone\"><b>Trainer<\/b><\/th>\n<\/tr>\n<\/thead>\n<tbody>\n<tr>\n<td class=\"tab-highlighted\" valign=\"top\"><strong>Montag<\/strong><\/td>\n<td valign=\"top\">16:30 &#8211; 18:00 4F<\/td>\n<td valign=\"top\">Anf\u00e4nger Sch\u00fcler (11-16 Jahre)<\/td>\n<td valign=\"top\">Unz<\/td>\n<\/tr>\n<tr>\n<tr>\n<td class=\"tab-highlighted\" valign=\"top\">&nbsp;<\/td>\n<td valign=\"top\">18:00 &#8211; 19:30 4F<\/td>\n<td valign=\"top\">Fortgeschrittene Sch\u00fcler \/ Jugend<\/td>\n<td valign=\"top\">Schrage<\/td>\n<\/tr>\n<tr>\n<td class=\"tab-highlighted\" valign=\"top\">&nbsp;<\/td>\n<td valign=\"top\">19:30 &#8211; 21:30 2F<\/td>\n<td valign=\"top\">2.+3. Mannschaft<\/td>\n<td valign=\"top\">individual<\/td>\n<\/tr>\n<tr>\n<td class=\"tab-highlighted\" valign=\"top\">&nbsp;<\/td>\n<td valign=\"top\">19:30 &#8211; 20:30 2F<\/td>\n<td valign=\"top\">Hobby<\/td>\n<td valign=\"top\">Flug<\/td>\n<\/tr>\n<tr>\n<td class=\"tab-highlighted\" valign=\"top\">&nbsp;<\/td>\n<td valign=\"top\">20:30 &#8211; 22:00 6F<\/td>\n<td valign=\"top\">Hobby<\/td>\n<td valign=\"top\">freies Spiel<\/td>\n<\/tr>\n<tr style=\"line-height:1px;\">\n<td class=\"tab-highlighted\" valign=\"top\">&nbsp;<\/td>\n<td class=\"tab-highlighted\" valign=\"top\">&nbsp;<\/td>\n<td class=\"tab-highlighted\" valign=\"top\">&nbsp;<\/td>\n<td class=\"tab-highlighted\" valign=\"top\">&nbsp;<\/td>\n<\/tr>\n<tr>\n<td class=\"tab-highlighted\" valign=\"top\"><strong>Mittwoch<\/strong><\/td>\n<td valign=\"top\">16:00 &#8211; 17:15 4F<\/td>\n<td valign=\"top\">Anf\u00e4nger Sch\u00fcler (7-11 Jahre)<\/td>\n<td valign=\"top\">Pr\u00f6stler<\/td>\n<\/tr>\n<tr>\n<td class=\"tab-highlighted\" valign=\"top\">&nbsp;<\/td>\n<td valign=\"top\">17:30 &#8211; 19:30 8F<\/td>\n<td valign=\"top\">BBV St\u00fctzpunkt Sch\u00fcler \/ Jugend<\/td>\n<td valign=\"top\">Pr\u00f6stler<\/td>\n<\/tr>\n<tr>\n<td class=\"tab-highlighted\" valign=\"top\">&nbsp;<\/td>\n<td valign=\"top\">19:30 &#8211; 21:30 2F<\/td>\n<td valign=\"top\">1. Mannschaft<\/td>\n<td valign=\"top\">Gr\u00fcn \/ Unz<\/td>\n<\/tr>\n<tr>\n<td class=\"tab-highlighted\" valign=\"top\">&nbsp;<\/td>\n<td valign=\"top\">19:30 &#8211; 21:30 2F<\/td>\n<td valign=\"top\">2.+3. Mannschaft<\/td>\n<td valign=\"top\">Schrage<\/td>\n<\/tr>\n<tr>\n<td class=\"tab-highlighted\" valign=\"top\">&nbsp;<\/td>\n<td valign=\"top\">19:30 &#8211; 21:30 4F<\/td>\n<td valign=\"top\">Hobby<\/td>\n<td valign=\"top\">Flug<\/td>\n<\/tr>\n<tr style=\"line-height:1px;\">\n<td class=\"tab-highlighted\" valign=\"top\">&nbsp;<\/td>\n<td class=\"tab-highlighted\" valign=\"top\">&nbsp;<\/td>\n<td class=\"tab-highlighted\" valign=\"top\">&nbsp;<\/td>\n<td class=\"tab-highlighted\" valign=\"top\">&nbsp;<\/td>\n<\/tr>\n<tr>\n<td class=\"tab-highlighted\" valign=\"top\"><strong>Donnerstag<\/strong><\/td>\n<td valign=\"top\">18:00 &#8211; 20:00 4F<\/td>\n<td valign=\"top\">BBV St\u00fctzpunkt \/ Fortgeschrittene Sch\u00fcler<\/td>\n<td valign=\"top\">Piehl \/ Unz<\/td>\n<\/tr>\n<tr>\n<td class=\"tab-highlighted\" valign=\"top\">&nbsp;<\/td>\n<td valign=\"top\">19:30 &#8211; 22:00 4F<\/td>\n<td valign=\"top\">Nachwuchsspieler \/ 1.-3. Mannschaft<\/td>\n<td valign=\"top\">Piehl \/ Unz<\/td>\n<\/tr>\n<tr style=\"line-height:1px;\">\n<td class=\"tab-highlighted\" valign=\"top\">&nbsp;<\/td>\n<td class=\"tab-highlighted\" valign=\"top\">&nbsp;<\/td>\n<td class=\"tab-highlighted\" valign=\"top\">&nbsp;<\/td>\n<td class=\"tab-highlighted\" valign=\"top\">&nbsp;<\/td>\n<\/tr>\n<tr>\n<td class=\"tab-highlighted\" valign=\"top\"><strong>Freitag<\/strong><\/td>\n<td valign=\"top\">15:00 &#8211; 16:00 4F<\/td>\n<td valign=\"top\">Minis (5-6 Jahre &#8211; Vorschule)<\/td>\n<td valign=\"top\">Weis<\/td>\n<\/tr>\n<tr>\n<td class=\"tab-highlighted\" valign=\"top\"><\/td>\n<td valign=\"top\">19:00 &#8211; 22:00 1F<\/td>\n<td valign=\"top\">1. Mannschaft (vor Spieltagen)<\/td>\n<td valign=\"top\">individual<\/td>\n<\/tr>\n<tr>\n<td class=\"tab-highlighted\" valign=\"top\"><\/td>\n<td valign=\"top\">19:00 &#8211; 22:00 3F<\/td>\n<td valign=\"top\">Hobby<\/td>\n<td valign=\"top\">frei<\/td>\n<\/tr>\n<\/tbody>\n<\/table>\n<\/div>\n\n\n\n<p>Bei weiteren Fragen k\u00f6nnen Sie sich gerne an die Trainer wenden.<\/p>\n\n\n\n<h3 class=\"wp-block-heading\">Das Trainerteam<\/h3>\n\n\n\n<div class=\"wp-block-group\"><div class=\"wp-block-group__inner-container is-layout-constrained wp-block-group-is-layout-constrained\">\n<div class=\"wp-block-columns is-layout-flex wp-container-core-columns-is-layout-9d6595d7 wp-block-columns-is-layout-flex\">\n<div class=\"wp-block-column is-layout-flow wp-block-column-is-layout-flow\" style=\"flex-basis:100%\">\n<figure class=\"wp-block-gallery has-nested-images columns-5 is-cropped wp-block-gallery-1 is-layout-flex wp-block-gallery-is-layout-flex\">\n<figure class=\"wp-block-image size-large\"><img loading=\"lazy\" decoding=\"async\" width=\"200\" height=\"231\" data-id=\"4998\" src=\"https:\/\/www.badminton-marktheidenfeld.de\/wordpress\/wp-content\/uploads\/2018\/08\/spielerportrait_matthias.jpg\" alt=\"\" class=\"wp-image-4998\"\/><\/figure>\n\n\n\n<figure class=\"wp-block-image size-large\"><img decoding=\"async\" src=\"https:\/\/www.badminton-marktheidenfeld.de\/wordpress\/wp-content\/uploads\/2022\/10\/IMG_5443-scaled.jpg\" alt=\"\"\/><\/figure>\n\n\n\n<figure class=\"wp-block-image size-large\"><img loading=\"lazy\" decoding=\"async\" width=\"824\" height=\"1024\" data-id=\"4731\" src=\"https:\/\/www.badminton-marktheidenfeld.de\/wordpress\/wp-content\/uploads\/2017\/12\/Samuel1-824x1024.png\" alt=\"\" class=\"wp-image-4731\" srcset=\"https:\/\/www.badminton-marktheidenfeld.de\/wordpress\/wp-content\/uploads\/2017\/12\/Samuel1-824x1024.png 824w, https:\/\/www.badminton-marktheidenfeld.de\/wordpress\/wp-content\/uploads\/2017\/12\/Samuel1-241x300.png 241w, https:\/\/www.badminton-marktheidenfeld.de\/wordpress\/wp-content\/uploads\/2017\/12\/Samuel1-768x954.png 768w, https:\/\/www.badminton-marktheidenfeld.de\/wordpress\/wp-content\/uploads\/2017\/12\/Samuel1.png 1726w\" sizes=\"auto, (max-width: 824px) 100vw, 824px\" \/><\/figure>\n\n\n\n<figure class=\"wp-block-image size-large\"><img loading=\"lazy\" decoding=\"async\" width=\"722\" height=\"1024\" data-id=\"4730\" src=\"https:\/\/www.badminton-marktheidenfeld.de\/wordpress\/wp-content\/uploads\/2017\/12\/Carsten1-722x1024.png\" alt=\"\" class=\"wp-image-4730\" srcset=\"https:\/\/www.badminton-marktheidenfeld.de\/wordpress\/wp-content\/uploads\/2017\/12\/Carsten1-722x1024.png 722w, https:\/\/www.badminton-marktheidenfeld.de\/wordpress\/wp-content\/uploads\/2017\/12\/Carsten1-211x300.png 211w, https:\/\/www.badminton-marktheidenfeld.de\/wordpress\/wp-content\/uploads\/2017\/12\/Carsten1-768x1090.png 768w, https:\/\/www.badminton-marktheidenfeld.de\/wordpress\/wp-content\/uploads\/2017\/12\/Carsten1.png 1701w\" sizes=\"auto, (max-width: 722px) 100vw, 722px\" \/><\/figure>\n\n\n\n<figure class=\"wp-block-image size-large\"><img loading=\"lazy\" decoding=\"async\" width=\"780\" height=\"1024\" data-id=\"6980\" src=\"https:\/\/www.badminton-marktheidenfeld.de\/wordpress\/wp-content\/uploads\/2023\/11\/Artur.jpg\" alt=\"\" class=\"wp-image-6980\" srcset=\"https:\/\/www.badminton-marktheidenfeld.de\/wordpress\/wp-content\/uploads\/2023\/11\/Artur.jpg 780w, https:\/\/www.badminton-marktheidenfeld.de\/wordpress\/wp-content\/uploads\/2023\/11\/Artur-229x300.jpg 229w, https:\/\/www.badminton-marktheidenfeld.de\/wordpress\/wp-content\/uploads\/2023\/11\/Artur-768x1008.jpg 768w\" sizes=\"auto, (max-width: 780px) 100vw, 780px\" \/><\/figure>\n<\/figure>\n<\/div>\n<\/div>\n<\/div><\/div>\n\n\n\n<figure class=\"wp-block-table is-style-stripes\"><table class=\"has-fixed-layout\"><tbody><tr><td><strong><a href=\"mailto:m.proestler@badminton-marktheidenfeld.de\">Matthias Pr\u00f6stler<\/a><\/strong><\/td><\/tr><tr><td><strong><a href=\"mailto:h.piehl@badminton-marktheidenfeld.de\">Heiko Piehl<\/a><\/strong><\/td><\/tr><tr><td><strong><a href=\"mailto:samuel.unz@gmail.com\">Samuel Unz<\/a><\/strong><\/td><\/tr><tr><td><strong><a href=\"mailto:c.schrage@badminton-marktheidenfeld.de\">Carsten Schrage<\/a><\/strong><\/td><\/tr><tr><td><strong><a href=\"mailto:artur.flug@gmail.com\">Artur Flug<\/a><\/strong><\/td><\/tr><tr><td><strong><a href=\"mailto:minis@badminton-marktheidenfeld.de\">Linda und Christoph Weis<\/a><\/strong><\/td><\/tr><\/tbody><\/table><\/figure>\n","protected":false},"excerpt":{"rendered":"Hier sind unsere Trainingszeiten zu finden. Beim TVM k\u00f6nnen wir vor allem Sch\u00fcler und Jugendlichen ein breites Trainingsspektrum bieten. Aber auch im Erwachsenenbereich \n<a class=\"moretag\" href=\"https:\/\/www.badminton-marktheidenfeld.de\/wordpress\/training\/\"> [...]<\/a>","protected":false},"author":8,"featured_media":0,"parent":0,"menu_order":0,"comment_status":"closed","ping_status":"closed","template":"","meta":{"footnotes":""},"class_list":["post-3421","page","type-page","status-publish","hentry"],"_links":{"self":[{"href":"https:\/\/www.badminton-marktheidenfeld.de\/wordpress\/wp-json\/wp\/v2\/pages\/3421","targetHints":{"allow":["GET"]}}],"collection":[{"href":"https:\/\/www.badminton-marktheidenfeld.de\/wordpress\/wp-json\/wp\/v2\/pages"}],"about":[{"href":"https:\/\/www.badminton-marktheidenfeld.de\/wordpress\/wp-json\/wp\/v2\/types\/page"}],"author":[{"embeddable":true,"href":"https:\/\/www.badminton-marktheidenfeld.de\/wordpress\/wp-json\/wp\/v2\/users\/8"}],"replies":[{"embeddable":true,"href":"https:\/\/www.badminton-marktheidenfeld.de\/wordpress\/wp-json\/wp\/v2\/comments?post=3421"}],"version-history":[{"count":143,"href":"https:\/\/www.badminton-marktheidenfeld.de\/wordpress\/wp-json\/wp\/v2\/pages\/3421\/revisions"}],"predecessor-version":[{"id":8378,"href":"https:\/\/www.badminton-marktheidenfeld.de\/wordpress\/wp-json\/wp\/v2\/pages\/3421\/revisions\/8378"}],"wp:attachment":[{"href":"https:\/\/www.badminton-marktheidenfeld.de\/wordpress\/wp-json\/wp\/v2\/media?parent=3421"}],"curies":[{"name":"wp","href":"https:\/\/api.w.org\/{rel}","templated":true}]}}