

{"id":3417,"date":"2017-09-14T22:07:41","date_gmt":"2017-09-14T20:07:41","guid":{"rendered":"http:\/\/www.badminton-marktheidenfeld.de\/wordpress\/?page_id=3417"},"modified":"2022-10-23T18:39:07","modified_gmt":"2022-10-23T16:39:07","slug":"jugendmannschaft","status":"publish","type":"page","link":"https:\/\/www.badminton-marktheidenfeld.de\/wordpress\/nachwuchs\/jugendmannschaft\/","title":{"rendered":"Sch\u00fcler\/Jugend"},"content":{"rendered":"\n<p>Im Jugendbereich haben wir in der vergangenen Saison erstaunlicherweise kaum Einbu\u00dfen hinnehmen m\u00fcssen.<\/p>\n\n\n\n<p>Dies ist zum einen sicherlich dem Umstand zu verdanken, dass wir so bald wie m\u00f6glich wieder Jugendtraining angeboten haben, zum anderen und vor allem aber unserem Trainerteam. Matthias Pr\u00f6stler, Carsten Schrage, Heiko Piehl und Karl Fuchs werden hierbei von Nico Ferstl, Nils Zelder, Samuel Unz und Eva Winzenh\u00f6ller unterst\u00fctzt. Durch abwechslungsreiche \u00dcbungen kombiniert mit Taktik haben die Kids viel Spa\u00df am &#8222;Federball&#8220;.<\/p>\n\n\n\n<p>Wir haben in der vergangenen und nat\u00fcrlich auch in der laufenden Saison soweit m\u00f6glich an Turnieren in Unterfranken und Nordbayern teilgenommen. \u00dcberregional waren vor allem Esther in U17 und Amelie in U11 unterwegs.<\/p>\n\n\n\n<p>Nico Ferstl hat sich in seiner letzten Jugendsaison auf der Nordbayerischen EM mit zwei Titeln im Einzel und Mixed und einem zweiten Platz im Doppel die Teilnahme an der Bayerischen EM erk\u00e4mpft.<\/p>\n\n\n\n<p>Insgesamt konnte sich der TVM bei zahlreichen weiteren Turnieren viele Podestpl\u00e4tze erk\u00e4mpfen. Hierbei waren wir in allen Altersklassen vertreten:<\/p>\n\n\n\n<p>AK U11: Amelie Bigalke (auf den meisten regionalen Turnieren spielt sie allerdings in U13 und das sehr erfolgreich)<\/p>\n\n\n\n<p>AK U13: Steffi Stoll, Jens Du<\/p>\n\n\n\n<p>AK U15: Eva Barthel, Ben Heissner, Richard Yang,<\/p>\n\n\n\n<p>AK U17: Esther Huth, Felix Schrage, Aaron Liebst\u00fcckel<\/p>\n\n\n\n<p>In Unterfranken wurde in reduzierten ViererTeams der Unterfr\u00e4nkische Mannschaftsmeister ausgespielt.<\/p>\n\n\n\n<p>Gastmannschaft aus Bamberg und Goldbach\/Laufach machten die Spiele abwechslungsreich.<\/p>\n\n\n\n<p>In der U19 erspielten sich Samuel, Nico, Nils, Felix und Eva einen souver\u00e4nen ersten Platz.<\/p>\n\n\n\n<p>In der U13 hatten Amelie, Sofia, Steffi, Philipp und Matheo mit ein paar knappen Punkten die Nase vorn vor Goldbach\/Laufach und Ochsenfurt. In U15 hatte wir ein Jungen- und eine M\u00e4dchenteam am Start.<\/p>\n\n\n\n<p>Das Duell gegeneinander war umk\u00e4mpft.<\/p>\n\n\n\n<p>Matthias, Aaron, Ben &#8211; Esther, Miriam, Eva B., Amelie schenkten sich beim 3:3 nichts.<\/p>\n\n\n\n<p>Am Ende stand f\u00fcr beide Teams ein dritter und vierter Tabellenplatz.<\/p>\n\n\n\n<p>In Unterfranken und Nordbayern hat der TVM wie schon die letzten Jahre eine sehr gute Position.<\/p>\n\n\n<div class=\"wp-block-image\">\n<figure class=\"aligncenter size-large is-resized\"><img loading=\"lazy\" decoding=\"async\" src=\"https:\/\/www.badminton-marktheidenfeld.de\/wordpress\/wp-content\/uploads\/2021\/09\/Jugendmannschaft_U19-1024x768.jpg\" alt=\"\" class=\"wp-image-6159\" width=\"509\" height=\"382\" srcset=\"https:\/\/www.badminton-marktheidenfeld.de\/wordpress\/wp-content\/uploads\/2021\/09\/Jugendmannschaft_U19-1024x768.jpg 1024w, https:\/\/www.badminton-marktheidenfeld.de\/wordpress\/wp-content\/uploads\/2021\/09\/Jugendmannschaft_U19-300x225.jpg 300w, https:\/\/www.badminton-marktheidenfeld.de\/wordpress\/wp-content\/uploads\/2021\/09\/Jugendmannschaft_U19-768x576.jpg 768w, https:\/\/www.badminton-marktheidenfeld.de\/wordpress\/wp-content\/uploads\/2021\/09\/Jugendmannschaft_U19.jpg 1536w\" sizes=\"auto, (max-width: 509px) 100vw, 509px\" \/><figcaption>Unser U19 Team hinten v.l.: Lukas Heilig, Samuel Unz, Nico Ferstl, Nils Zelder; <br>vorne v.l.: Carsten Schrage (Trainer), Eva Bartel, Alina Romaschkin, Eva Winzenh\u00f6ller<\/figcaption><\/figure>\n<\/div>","protected":false},"excerpt":{"rendered":"Im Jugendbereich haben wir in der vergangenen Saison erstaunlicherweise kaum Einbu\u00dfen hinnehmen m\u00fcssen. Dies ist zum einen sicherlich dem Umstand zu verdanken, dass \n<a class=\"moretag\" href=\"https:\/\/www.badminton-marktheidenfeld.de\/wordpress\/nachwuchs\/jugendmannschaft\/\"> [...]<\/a>","protected":false},"author":8,"featured_media":0,"parent":3413,"menu_order":0,"comment_status":"closed","ping_status":"closed","template":"","meta":{"footnotes":""},"class_list":["post-3417","page","type-page","status-publish","hentry"],"_links":{"self":[{"href":"https:\/\/www.badminton-marktheidenfeld.de\/wordpress\/wp-json\/wp\/v2\/pages\/3417","targetHints":{"allow":["GET"]}}],"collection":[{"href":"https:\/\/www.badminton-marktheidenfeld.de\/wordpress\/wp-json\/wp\/v2\/pages"}],"about":[{"href":"https:\/\/www.badminton-marktheidenfeld.de\/wordpress\/wp-json\/wp\/v2\/types\/page"}],"author":[{"embeddable":true,"href":"https:\/\/www.badminton-marktheidenfeld.de\/wordpress\/wp-json\/wp\/v2\/users\/8"}],"replies":[{"embeddable":true,"href":"https:\/\/www.badminton-marktheidenfeld.de\/wordpress\/wp-json\/wp\/v2\/comments?post=3417"}],"version-history":[{"count":8,"href":"https:\/\/www.badminton-marktheidenfeld.de\/wordpress\/wp-json\/wp\/v2\/pages\/3417\/revisions"}],"predecessor-version":[{"id":6589,"href":"https:\/\/www.badminton-marktheidenfeld.de\/wordpress\/wp-json\/wp\/v2\/pages\/3417\/revisions\/6589"}],"up":[{"embeddable":true,"href":"https:\/\/www.badminton-marktheidenfeld.de\/wordpress\/wp-json\/wp\/v2\/pages\/3413"}],"wp:attachment":[{"href":"https:\/\/www.badminton-marktheidenfeld.de\/wordpress\/wp-json\/wp\/v2\/media?parent=3417"}],"curies":[{"name":"wp","href":"https:\/\/api.w.org\/{rel}","templated":true}]}}