

{"id":3411,"date":"2017-09-14T22:03:48","date_gmt":"2017-09-14T20:03:48","guid":{"rendered":"http:\/\/www.badminton-marktheidenfeld.de\/wordpress\/?page_id=3411"},"modified":"2026-03-02T10:49:15","modified_gmt":"2026-03-02T09:49:15","slug":"3-mannschaft","status":"publish","type":"page","link":"https:\/\/www.badminton-marktheidenfeld.de\/wordpress\/aktive\/3-mannschaft\/","title":{"rendered":"3. Mannschaft"},"content":{"rendered":"\n<figure class=\"wp-block-image size-large\"><img loading=\"lazy\" decoding=\"async\" width=\"1024\" height=\"705\" src=\"https:\/\/www.badminton-marktheidenfeld.de\/wordpress\/wp-content\/uploads\/2026\/03\/2026-03-01cr-1024x705.jpg\" alt=\"\" class=\"wp-image-8309\" srcset=\"https:\/\/www.badminton-marktheidenfeld.de\/wordpress\/wp-content\/uploads\/2026\/03\/2026-03-01cr-1024x705.jpg 1024w, https:\/\/www.badminton-marktheidenfeld.de\/wordpress\/wp-content\/uploads\/2026\/03\/2026-03-01cr-300x206.jpg 300w, https:\/\/www.badminton-marktheidenfeld.de\/wordpress\/wp-content\/uploads\/2026\/03\/2026-03-01cr-768x528.jpg 768w, https:\/\/www.badminton-marktheidenfeld.de\/wordpress\/wp-content\/uploads\/2026\/03\/2026-03-01cr-1536x1057.jpg 1536w, https:\/\/www.badminton-marktheidenfeld.de\/wordpress\/wp-content\/uploads\/2026\/03\/2026-03-01cr.jpg 1600w\" sizes=\"auto, (max-width: 1024px) 100vw, 1024px\" \/><\/figure>\n\n\n<h3>Kader:<\/h3>\n<table border=\"0\" width=\"100%\" cellspacing=\"2\" cellpadding=\"2\">\n<tbody>\n<tr>\n<td valign=\"top\" width=\"50%\"><b>Herren<\/b><\/td>\n<td valign=\"top\" width=\"50%\"><b>Damen<\/b><\/td>\n<\/tr>\n<tr>\n<td valign=\"top\" width=\"50%\">Maximilian Scholpp<\/td>\n<td valign=\"top\" width=\"50%\">Miriam Sch\u00e4ffer<\/td>\n<\/tr>\n<tr>\n<td valign=\"top\" width=\"50%\">Carsten Schrage<\/td>\n<td valign=\"top\" width=\"50%\">Arina Flug<\/td>\n<\/tr>\n<tr>\n<td valign=\"top\" width=\"50%\">Sven Huth<\/td>\n<td valign=\"top\" width=\"50%\">Marion Gr\u00fcn<\/td>\n<\/tr>\n<tr>\n<td valign=\"top\" width=\"50%\">Klaus Gr\u00fcn<\/td>\n<td valign=\"top\" width=\"50%\">Andrea Heilig<\/td>\n<\/tr>\n<tr>\n<td valign=\"top\" width=\"50%\">Klaus Redelbach<\/td>\n<td valign=\"top\" width=\"50%\">Mia Goldstein<\/td>\n<\/tr>\n<tr>\n<td valign=\"top\" width=\"50%\">Ben Hei\u00dfner<\/td>\n<td valign=\"top\" width=\"50%\">\u00a0<\/td>\n<\/tr>\n<tr>\n<td valign=\"top\" width=\"50%\">Felix Schrage<\/td>\n<td valign=\"top\" width=\"50%\">\u00a0<\/td>\n<\/tr>\n<\/tbody>\n<\/table>\n<p><!--\n\n\n\n\n\n\n<h3>Ergebnisse:<\/h3>\n\n\n\n\n\n\n\n\n\n\n\n\n<table border=\"0\" width=\"100%\" cellspacing=\"2\" cellpadding=\"2\">\n\n\n\n\n\n\n<tbody>\n\n\n\n\n\n\n<tr>\n\n\n\n\n\n\n<td valign=\"top\" width=\"149\"><span style=\"text-decoration: underline;\">aktuelle Saison:<\/span><\/td>\n\n\n\n\n\n\n\n\n\n\n\n\n<td valign=\"top\" width=\"465\"><a href=\"https:\/\/www.badminton-bbv.de\/liga\/team\/158166\/24\/25\" target=\"_blank\" rel=\"noopener noreferrer\">Bezirksliga<\/a><\/td>\n\n\n\n\n\n\n<\/tr>\n\n\n\n\n\n\n\n\n\n\n\n\n<tr>\n\n\n\n\n\n\n<td valign=\"top\" width=\"149\"><span style=\"text-decoration: underline;\">letzte Saison:<\/span><\/td>\n\n\n\n\n\n\n\n\n\n\n\n\n<td valign=\"top\" width=\"465\"><a href=\"https:\/\/www.badminton-bbv.de\/liga\/team\/152546\/23\/24\" target=\"_blank\" rel=\"noopener noreferrer\">Bezirksliga<\/a><\/td>\n\n\n\n\n\n\n<\/tr>\n\n\n\n\n\n\n<\/tbody>\n\n\n\n\n\n\n<\/table>\n\n\n\n\n\n\n--><\/p>\n<p><!--\n\n\n\n\n\n\n<h3>Tabelle:<\/h3>\n\n\n\n\n\n\n\n\n\n\n\n\n<div align=\"center\">\n\n\n\n\n\n\n<p><script class=\"bbv-script\" data-url=\"https:\/\/badminton-bbv.de\/liga\/backend\/\" src=\"https:\/\/badminton-bbv.de\/liga\/backend\/\/widget.php\" type=\"text\/javascript\"><\/script><\/p>\n\n\n\n\n\n\n\n\n\n\n\n\n<div class=\"bbv-widget\" data-type=\"table\" data-team=\"Aktive III\" data-clubnr=\"07-0117\">\u00a0<\/div>\n\n\n\n\n\n\n<\/div>\n\n\n\n\n\n --><\/p>\n<h3>Tabelle:<\/h3>\n<div align=\"center\"><script class=\"bbv-script\" data-url=\"https:\/\/badminton-bbv.de\/liga2\/backend\" src=\"https:\/\/badminton-bbv.de\/liga2\/backend\/widget.php\" type=\"text\/javascript\"><\/script><\/p>\n<div class=\"bbv-widget\" data-type=\"table\" data-team=\"Aktive III\" data-clubnr=\"07-0117\">\u00a0<\/div>\n<\/div>\n<h3>Spielplan:<\/h3>\n<p><script class=\"bbv-script\" data-url=\"https:\/\/badminton-bbv.de\/liga2\/backend\" src=\"https:\/\/badminton-bbv.de\/liga2\/backend\/widget.php\" type=\"text\/javascript\"><\/script><\/p>\n<div class=\"bbv-widget\" data-type=\"meetings\" data-team=\"Aktive III\" data-clubnr=\"07-0117\">\u00a0<\/div>\n<h3>Infos:<\/h3>\n\n\n<p>Unsere 3. Mannschaft startet in der kommenden Saison wieder in der Bezirksliga. Die Mischung aus jungen H\u00fcpfern und alten, erfahrenen Hasen findet Spa\u00df daran, Montag und Mittwoch gemeinsam zu trainieren und freut sich auf viele Matches mit altbekannten Gesichtern gegen die Mannschaften der Region. In der letzten Saison konnte sich unser Team mit vielen spannende Spielen in der Liga behaupten und am Ende fast einen Aufstiegsplatz erreichen. Wir sind gespannt, wie wir uns nach der Sommerpause schlagen werden und w\u00fcnschen allen Beteiligten der Liga eine spa\u00dfige, verletzungsfreie und erfolgreiche Saison.<\/p>\n","protected":false},"excerpt":{"rendered":"Kader: Herren Damen Maximilian Scholpp Miriam Sch\u00e4ffer Carsten Schrage Arina Flug Sven Huth Marion Gr\u00fcn Klaus Gr\u00fcn Andrea Heilig Klaus Redelbach Mia Goldstein \n<a class=\"moretag\" href=\"https:\/\/www.badminton-marktheidenfeld.de\/wordpress\/aktive\/3-mannschaft\/\"> [...]<\/a>","protected":false},"author":8,"featured_media":0,"parent":3403,"menu_order":0,"comment_status":"closed","ping_status":"closed","template":"","meta":{"footnotes":""},"class_list":["post-3411","page","type-page","status-publish","hentry"],"_links":{"self":[{"href":"https:\/\/www.badminton-marktheidenfeld.de\/wordpress\/wp-json\/wp\/v2\/pages\/3411","targetHints":{"allow":["GET"]}}],"collection":[{"href":"https:\/\/www.badminton-marktheidenfeld.de\/wordpress\/wp-json\/wp\/v2\/pages"}],"about":[{"href":"https:\/\/www.badminton-marktheidenfeld.de\/wordpress\/wp-json\/wp\/v2\/types\/page"}],"author":[{"embeddable":true,"href":"https:\/\/www.badminton-marktheidenfeld.de\/wordpress\/wp-json\/wp\/v2\/users\/8"}],"replies":[{"embeddable":true,"href":"https:\/\/www.badminton-marktheidenfeld.de\/wordpress\/wp-json\/wp\/v2\/comments?post=3411"}],"version-history":[{"count":42,"href":"https:\/\/www.badminton-marktheidenfeld.de\/wordpress\/wp-json\/wp\/v2\/pages\/3411\/revisions"}],"predecessor-version":[{"id":8312,"href":"https:\/\/www.badminton-marktheidenfeld.de\/wordpress\/wp-json\/wp\/v2\/pages\/3411\/revisions\/8312"}],"up":[{"embeddable":true,"href":"https:\/\/www.badminton-marktheidenfeld.de\/wordpress\/wp-json\/wp\/v2\/pages\/3403"}],"wp:attachment":[{"href":"https:\/\/www.badminton-marktheidenfeld.de\/wordpress\/wp-json\/wp\/v2\/media?parent=3411"}],"curies":[{"name":"wp","href":"https:\/\/api.w.org\/{rel}","templated":true}]}}