

{"id":3409,"date":"2017-09-14T22:03:10","date_gmt":"2017-09-14T20:03:10","guid":{"rendered":"http:\/\/www.badminton-marktheidenfeld.de\/wordpress\/?page_id=3409"},"modified":"2025-12-10T12:33:23","modified_gmt":"2025-12-10T11:33:23","slug":"2-mannschaft","status":"publish","type":"page","link":"https:\/\/www.badminton-marktheidenfeld.de\/wordpress\/aktive\/2-mannschaft\/","title":{"rendered":"2. Mannschaft"},"content":{"rendered":"\n<figure class=\"wp-block-gallery has-nested-images columns-default is-cropped wp-block-gallery-1 is-layout-flex wp-block-gallery-is-layout-flex\">\n<figure class=\"wp-block-image size-large\"><img loading=\"lazy\" decoding=\"async\" width=\"1024\" height=\"683\" data-id=\"7474\" src=\"https:\/\/www.badminton-marktheidenfeld.de\/wordpress\/wp-content\/uploads\/2024\/11\/TVM2-1024x683.jpg\" alt=\"\" class=\"wp-image-7474\" srcset=\"https:\/\/www.badminton-marktheidenfeld.de\/wordpress\/wp-content\/uploads\/2024\/11\/TVM2-1024x683.jpg 1024w, https:\/\/www.badminton-marktheidenfeld.de\/wordpress\/wp-content\/uploads\/2024\/11\/TVM2-300x200.jpg 300w, https:\/\/www.badminton-marktheidenfeld.de\/wordpress\/wp-content\/uploads\/2024\/11\/TVM2-768x512.jpg 768w, https:\/\/www.badminton-marktheidenfeld.de\/wordpress\/wp-content\/uploads\/2024\/11\/TVM2-1536x1024.jpg 1536w, https:\/\/www.badminton-marktheidenfeld.de\/wordpress\/wp-content\/uploads\/2024\/11\/TVM2.jpg 1701w\" sizes=\"auto, (max-width: 1024px) 100vw, 1024px\" \/><\/figure>\n<\/figure>\n\n\n<h3>Kader:<\/h3>\n<table class=\".footable\" border=\"0\" width=\"100%\" cellspacing=\"2\" cellpadding=\"2\">\n<tbody>\n<tr>\n<td valign=\"top\" width=\"50%\">\n<b>Herren<\/b>\n<\/td>\n<td valign=\"top\" width=\"50%\">\n<b>Damen<\/b>\n<\/td>\n<\/tr>\n<tr>\n<td valign=\"top\" width=\"50%\">Samuel Unz<\/td>\n<td valign=\"top\" width=\"50%\">Yian Gu<\/td>\n<\/tr>\n<tr>\n<td valign=\"top\" width=\"50%\">Nils Zelder<\/td>\n<td valign=\"top\" width=\"50%\">Rania Offe<\/td>\n<\/tr>\n<tr>\n<td valign=\"top\" width=\"50%\">Art Geisen<\/td>\n<td valign=\"top\" width=\"50%\">Esther Huth<\/td>\n<\/tr>\n<tr>\n<td valign=\"top\" width=\"50%\">Nico Ferstl<\/td>\n<td valign=\"top\" width=\"50%\"><span style=\"font-weight: 400;\">Miriam Sch\u00e4ffer (E)<\/span><\/td>\n<\/tr>\n<tr>\n<td valign=\"top\" width=\"50%\">Heiko Piehl<\/td>\n<td valign=\"top\" width=\"50%\">\u00a0<\/td>\n<\/tr>\n<\/tbody>\n<\/table>\n\n<h3>Tabelle:<\/h3>\n<div align=\"center\"><script class=\"bbv-script\" data-url=\"https:\/\/badminton-bbv.de\/liga2\/backend\" src=\"https:\/\/badminton-bbv.de\/liga2\/backend\/widget.php\" type=\"text\/javascript\"><\/script>\n<div class=\"bbv-widget\" data-type=\"table\" data-team=\"Aktive II\" data-clubnr=\"07-0117\">\u00a0<\/div>\n<\/div>\n\n<h3>Spielplan:<\/h3>\n<p><script class=\"bbv-script\" data-url=\"https:\/\/badminton-bbv.de\/liga2\/backend\" src=\"https:\/\/badminton-bbv.de\/liga2\/backend\/widget.php\" type=\"text\/javascript\"><\/script><\/p>\n<div class=\"bbv-widget\" data-type=\"meetings\" data-team=\"Aktive II\" data-clubnr=\"07-0117\">\u00a0<\/div>\n\n<h3>Infos:<\/h3>\n<p>Nach dem 1. Platz und dem souver\u00e4nen Aufstieg in die Oberliga schmerzt der Abgang der Nummer eins, Jonas. Der jungen zweiten Mannschaft f\u00e4llt es ohne ihn in der neuen Klasse schwer zu punkten, auch wenn mit Yian eine starke Dame dazugewonnen werden konnte, die in dieser Saison auch Bundesliga Erfahrungen sammeln m\u00f6chte.<\/p>\n<!--\n<p>\u201eDas prim\u00e4re Ziel f\u00fcr die n\u00e4chste Saison wird auf jeden Fall sein, unseren Nachwuchsspielern m\u00f6glichst viel Spielpraxis zu erm\u00f6glichen. Weiterhin wollen wir aber nat\u00fcrlich auch m\u00f6glichst gute Ergebnisse erzielen, um wieder ganz oben mitspielen zu k\u00f6nnen\u201c, bewertet Heiko Piehl die Situation f\u00fcr die kommende Spielzeit.<\/p>\n-->\n","protected":false},"excerpt":{"rendered":"Kader: Herren Damen Samuel Unz Yian Gu Nils Zelder Rania Offe Art Geisen Esther Huth Nico Ferstl Miriam Sch\u00e4ffer (E) Heiko Piehl \u00a0 \n<a class=\"moretag\" href=\"https:\/\/www.badminton-marktheidenfeld.de\/wordpress\/aktive\/2-mannschaft\/\"> [...]<\/a>","protected":false},"author":8,"featured_media":0,"parent":3403,"menu_order":0,"comment_status":"closed","ping_status":"closed","template":"","meta":{"footnotes":""},"class_list":["post-3409","page","type-page","status-publish","hentry"],"_links":{"self":[{"href":"https:\/\/www.badminton-marktheidenfeld.de\/wordpress\/wp-json\/wp\/v2\/pages\/3409","targetHints":{"allow":["GET"]}}],"collection":[{"href":"https:\/\/www.badminton-marktheidenfeld.de\/wordpress\/wp-json\/wp\/v2\/pages"}],"about":[{"href":"https:\/\/www.badminton-marktheidenfeld.de\/wordpress\/wp-json\/wp\/v2\/types\/page"}],"author":[{"embeddable":true,"href":"https:\/\/www.badminton-marktheidenfeld.de\/wordpress\/wp-json\/wp\/v2\/users\/8"}],"replies":[{"embeddable":true,"href":"https:\/\/www.badminton-marktheidenfeld.de\/wordpress\/wp-json\/wp\/v2\/comments?post=3409"}],"version-history":[{"count":71,"href":"https:\/\/www.badminton-marktheidenfeld.de\/wordpress\/wp-json\/wp\/v2\/pages\/3409\/revisions"}],"predecessor-version":[{"id":8211,"href":"https:\/\/www.badminton-marktheidenfeld.de\/wordpress\/wp-json\/wp\/v2\/pages\/3409\/revisions\/8211"}],"up":[{"embeddable":true,"href":"https:\/\/www.badminton-marktheidenfeld.de\/wordpress\/wp-json\/wp\/v2\/pages\/3403"}],"wp:attachment":[{"href":"https:\/\/www.badminton-marktheidenfeld.de\/wordpress\/wp-json\/wp\/v2\/media?parent=3409"}],"curies":[{"name":"wp","href":"https:\/\/api.w.org\/{rel}","templated":true}]}}