

{"id":3405,"date":"2017-09-14T22:01:27","date_gmt":"2017-09-14T20:01:27","guid":{"rendered":"http:\/\/www.badminton-marktheidenfeld.de\/wordpress\/?page_id=3405"},"modified":"2026-02-24T10:37:57","modified_gmt":"2026-02-24T09:37:57","slug":"1-mannschaft","status":"publish","type":"page","link":"https:\/\/www.badminton-marktheidenfeld.de\/wordpress\/aktive\/1-mannschaft\/","title":{"rendered":"1. Mannschaft"},"content":{"rendered":"\n<figure class=\"wp-block-image size-large\"><img loading=\"lazy\" decoding=\"async\" width=\"1024\" height=\"465\" src=\"https:\/\/www.badminton-marktheidenfeld.de\/wordpress\/wp-content\/uploads\/2026\/02\/TVM1_25-26-1024x465.jpg\" alt=\"\" class=\"wp-image-8276\" srcset=\"https:\/\/www.badminton-marktheidenfeld.de\/wordpress\/wp-content\/uploads\/2026\/02\/TVM1_25-26-1024x465.jpg 1024w, https:\/\/www.badminton-marktheidenfeld.de\/wordpress\/wp-content\/uploads\/2026\/02\/TVM1_25-26-300x136.jpg 300w, https:\/\/www.badminton-marktheidenfeld.de\/wordpress\/wp-content\/uploads\/2026\/02\/TVM1_25-26-768x349.jpg 768w, https:\/\/www.badminton-marktheidenfeld.de\/wordpress\/wp-content\/uploads\/2026\/02\/TVM1_25-26-1536x698.jpg 1536w, https:\/\/www.badminton-marktheidenfeld.de\/wordpress\/wp-content\/uploads\/2026\/02\/TVM1_25-26.jpg 1981w\" sizes=\"auto, (max-width: 1024px) 100vw, 1024px\" \/><\/figure>\n\n\n<p><!--\n<img loading=\"lazy\" decoding=\"async\" class=\"wp-image-5874 aligncenter\" src=\"https:\/\/www.badminton-marktheidenfeld.de\/wordpress\/wp-content\/uploads\/2022\/08\/2022-08-Kader.jpg\" alt=\"\" width=\"702\" height=\"468\">\n--><\/p>\n<h3>Kader:<\/h3>\n<table class=\".footable\" border=\"0\" width=\"100%\" cellspacing=\"2\" cellpadding=\"2\">\n<tbody>\n<tr>\n<th valign=\"top\" width=\"50%\"><b>Herren<\/b><\/th>\n<th valign=\"top\" width=\"50%\"><b>Damen<\/b><\/th>\n<\/tr>\n<tr>\n<td valign=\"top\" width=\"50%\">Steffen Gr\u00fcn<\/td>\n<td valign=\"top\" width=\"50%\">Lina Schadegg<\/td>\n<\/tr>\n<tr>\n<td valign=\"top\" width=\"50%\">Moritz Unz<\/td>\n<td valign=\"top\" width=\"50%\">Vanessa Poyatos<\/td>\n<\/tr>\n<tr>\n<td valign=\"top\" width=\"50%\">Joshua Redelbach<\/td>\n<td valign=\"top\" width=\"50%\">Anastasia Safonova<\/td>\n<\/tr>\n<tr>\n<td valign=\"top\" width=\"50%\">Fabian Hippold<\/td>\n<td valign=\"top\" width=\"50%\">Yian Gu (E)<\/td>\n<\/tr>\n<tr>\n<td valign=\"top\" width=\"50%\">Tim Armbr\u00fcster<\/td>\n<td valign=\"top\" width=\"50%\">Rania Offe (E)<\/td>\n<\/tr>\n<tr>\n<td valign=\"top\" width=\"50%\">Liano Marco Panza<\/td>\n<td valign=\"top\" width=\"50%\">Esther Huth (E)<\/td>\n<\/tr>\n<tr>\n<td valign=\"top\" width=\"50%\">Hannes Gerberich<\/td>\n<td valign=\"top\" width=\"50%\">\u00a0<\/td>\n<\/tr>\n<tr>\n<td valign=\"top\" width=\"50%\">Tim Specht<\/td>\n<td valign=\"top\" width=\"50%\">\u00a0<\/td>\n<\/tr>\n<\/tbody>\n<\/table>\n<p><u>Mannschaftsf\u00fchrer:<\/u> Steffen Gr\u00fcn, <a href=\"mailto:sgruen@gdvl.de\" target=\"_blank\" rel=\"noopener\">sgruen@gdvl.de<\/a><br \/><!--\n<a href=\"https:\/\/www.badminton-marktheidenfeld.de\/wordpress\/wp-content\/uploads\/2022\/08\/2022-08-TVM-I-Pressematerialien-2022-23.pdf\" target=\"_blank\" rel=\"noopener noreferrer\">TV Marktheidenfeld Kader \/ Presse 2022\/23<\/a>\n--><br \/><u>#LetsGoTVM:<\/u> <a href=\"https:\/\/www.instagram.com\/tv_marktheidenfeld_badminton\" target=\"_blank\" rel=\"noopener noreferrer\">@Instagram<\/a><\/p>\n<p><!--\n\n\n\n\n\n\n\n\n\n\n\n\n\n\n<h3>Ergebnisse<strong>:<\/strong><\/h3>\n\n\n\n\n\n\n\n\n\n\n\n\n\n\nSaison 2024\/25: <a href=\"https:\/\/dbv.turnier.de\/sport\/teammatches.aspx?id=73583FF7-B4C2-403E-940D-75525135D101&amp;tid=25\" target=\"_blank\" rel=\"noopener noreferrer\">2. Bundesliga S\u00fcd<\/a>\nSaison 2023\/24: <a href=\"https:\/\/dbv.turnier.de\/sport\/teammatches.aspx?id=1379A812-6140-4414-A8B2-03AC3627B6E9&amp;tid=28\" target=\"_blank\" rel=\"noopener noreferrer\">2. Bundesliga S\u00fcd<\/a>\n--><\/p>\n<h3>Tabelle:<\/h3>\n<div align=\"center\"><script class=\"bbv-script\" data-url=\"https:\/\/badminton-bbv.de\/liga2\/backend\" src=\"https:\/\/badminton-bbv.de\/liga2\/backend\/widget.php\" type=\"text\/javascript\"><\/script>\n<div class=\"bbv-widget\" data-type=\"table\" data-team=\"Aktive\" data-clubnr=\"07-0117\">\u00a0<\/div>\n<\/div>\n<h3>Spielplan:<\/h3>\n<p><script class=\"bbv-script\" data-url=\"https:\/\/badminton-bbv.de\/liga2\/backend\" src=\"https:\/\/badminton-bbv.de\/liga2\/backend\/widget.php\" type=\"text\/javascript\"><\/script><\/p>\n<div class=\"bbv-widget\" data-type=\"meetings\" data-team=\"Aktive\" data-clubnr=\"07-0117\">\u00a0<\/div>\n<h3>Das Mittelfeld im Visier<\/h3>\n<p>Unsere Erste startet inzwischen zum zehnten Mal in Folge in der 2. Bundesliga S\u00fcd und alle Freunde und Fans des schnellen R\u00fcckschlagsports d\u00fcrfen sich wieder auf gro\u00dfe Spiele und spannende Momente in der Hans-Wilhelm-Renkhoff-Halle freuen!<\/p>\n\n\n<p><\/p>\n","protected":false},"excerpt":{"rendered":"Kader: Herren Damen Steffen Gr\u00fcn Lina Schadegg Moritz Unz Vanessa Poyatos Joshua Redelbach Anastasia Safonova Fabian Hippold Yian Gu (E) Tim Armbr\u00fcster Rania \n<a class=\"moretag\" href=\"https:\/\/www.badminton-marktheidenfeld.de\/wordpress\/aktive\/1-mannschaft\/\"> [...]<\/a>","protected":false},"author":8,"featured_media":0,"parent":3403,"menu_order":0,"comment_status":"closed","ping_status":"closed","template":"","meta":{"footnotes":""},"class_list":["post-3405","page","type-page","status-publish","hentry"],"_links":{"self":[{"href":"https:\/\/www.badminton-marktheidenfeld.de\/wordpress\/wp-json\/wp\/v2\/pages\/3405","targetHints":{"allow":["GET"]}}],"collection":[{"href":"https:\/\/www.badminton-marktheidenfeld.de\/wordpress\/wp-json\/wp\/v2\/pages"}],"about":[{"href":"https:\/\/www.badminton-marktheidenfeld.de\/wordpress\/wp-json\/wp\/v2\/types\/page"}],"author":[{"embeddable":true,"href":"https:\/\/www.badminton-marktheidenfeld.de\/wordpress\/wp-json\/wp\/v2\/users\/8"}],"replies":[{"embeddable":true,"href":"https:\/\/www.badminton-marktheidenfeld.de\/wordpress\/wp-json\/wp\/v2\/comments?post=3405"}],"version-history":[{"count":107,"href":"https:\/\/www.badminton-marktheidenfeld.de\/wordpress\/wp-json\/wp\/v2\/pages\/3405\/revisions"}],"predecessor-version":[{"id":8278,"href":"https:\/\/www.badminton-marktheidenfeld.de\/wordpress\/wp-json\/wp\/v2\/pages\/3405\/revisions\/8278"}],"up":[{"embeddable":true,"href":"https:\/\/www.badminton-marktheidenfeld.de\/wordpress\/wp-json\/wp\/v2\/pages\/3403"}],"wp:attachment":[{"href":"https:\/\/www.badminton-marktheidenfeld.de\/wordpress\/wp-json\/wp\/v2\/media?parent=3405"}],"curies":[{"name":"wp","href":"https:\/\/api.w.org\/{rel}","templated":true}]}}